{"id":4188,"date":"2022-10-17T15:12:34","date_gmt":"2022-10-17T19:12:34","guid":{"rendered":"https:\/\/www.beaubois.com\/privacy-policy\/"},"modified":"2026-05-07T09:20:13","modified_gmt":"2026-05-07T13:20:13","slug":"politique-de-confidentialite","status":"publish","type":"page","link":"https:\/\/www.beaubois.com\/fr\/politique-de-confidentialite\/","title":{"rendered":"Politique de confidentialit\u00e9"},"content":{"rendered":"\r\n<h1 class=\"wp-block-heading\">POLITIQUE SUR LES RENSEIGNEMENTS PERSONNELS<\/h1>\r\n<h2 class=\"wp-block-heading\">OBJECTIF<\/h2>\r\n<p class=\"wp-block-heading\">Groupe Beaubois inc. (\u00ab\u00a0Beaubois\u00a0\u00bb, \u00ab\u00a0nous\u00a0\u00bb, \u00ab\u00a0notre\u00a0\u00bb ou \u00ab\u00a0nos\u00a0\u00bb) s&rsquo;engage \u00e0 respecter la vie priv\u00e9e. Cette politique sur les renseignements personnels explique comment et \u00e0 quelles fins nous recueillons, utilisons et partageons les renseignements personnels qui nous sont confi\u00e9s. Cette politique s&rsquo;applique g\u00e9n\u00e9ralement aux renseignements personnels que nous recueillons lorsque vous interagissez avec nous, par exemple lorsque vous visitez notre site Web, que vous communiquez avec nous par l&rsquo;entremise des m\u00e9dias sociaux ou par courriel, ou que vous posez votre candidature pour un emploi chez Beaubois. Elle peut \u00e9galement s&rsquo;appliquer aux renseignements personnels que nous recevons de nos clients et de nos partenaires. Cette politique ne s&rsquo;applique pas \u00e0 la collecte, \u00e0 l&rsquo;utilisation et au partage par Beaubois des renseignements personnels de ses employ\u00e9s.<\/p>\r\n<h2 class=\"wp-block-heading\">RENSEIGNEMENTS PERSONNELS<\/h2>\r\n<p class=\"wp-block-heading\">Dans cette politique, on entend g\u00e9n\u00e9ralement par \u00ab\u00a0renseignement personnel\u00a0\u00bb tout renseignement qui concerne une personne physique et qui permet, seul ou en combinaison avec d&rsquo;autres renseignements, de l\u2019identifier. Il peut s\u2019agir de renseignements tels que votre nom, vos coordonn\u00e9es et votre date de naissance. Ils peuvent \u00e9galement inclure d&rsquo;autres types de renseignements plus techniques, mais uniquement lorsque ces renseignements permettent de vous identifier en tant qu&rsquo;individu.<\/p>\r\n<h2 class=\"wp-block-heading\">TYPES DE RENSEIGNEMENTS PERSONNELS COLLECT\u00c9S<\/h2>\r\n<p class=\"wp-block-heading\">Nous limitons la collecte de renseignements personnels \u00e0 ce qui est raisonnablement n\u00e9cessaire pour vous fournir nos services, pour r\u00e9pondre \u00e0 toute autre demande que vous pourriez formuler et pour les autres raisons d\u00e9crites ci-dessous dans la section Utilisation de vos renseignements personnels. Selon la situation, nous pouvons collecter les diff\u00e9rents types de renseignements personnels suivants :<\/p>\r\n<ul>\r\n<li class=\"wp-block-heading\">Votre nom et vos coordonn\u00e9es, qui peuvent inclure votre adresse \u00e9lectronique, votre adresse personnelle et votre num\u00e9ro de t\u00e9l\u00e9phone.<\/li>\r\n<li class=\"wp-block-heading\">Les renseignements li\u00e9s \u00e0 l\u2019emploi, comme les renseignements sur votre exp\u00e9rience de travail et votre formation lorsque vous posez votre candidature pour un emploi chez Beaubois.<\/li>\r\n<li class=\"wp-block-heading\">Informations relatives \u00e0 l&rsquo;activit\u00e9 en ligne, y compris les adresses IP, les sections visit\u00e9es sur notre site Web ou les pr\u00e9f\u00e9rences linguistiques. Nous pouvons collecter ces informations aupr\u00e8s des visiteurs du site Web par le biais de cookies et de technologies similaires (voir Cookies et technologies similaires pour plus de d\u00e9tails).<\/li>\r\n<\/ul>\r\n<h2>COMMENT NOUS RECUEILLONS VOS RENSEIGNEMENTS PERSONNELS<\/h2>\r\n<p>Nous pouvons recueillir vos renseignements personnels de diff\u00e9rentes mani\u00e8res, notamment :<\/p>\r\n<ul>\r\n<li>Directement aupr\u00e8s de vous. Nous pouvons recueillir des renseignements personnels directement aupr\u00e8s de vous dans certaines circonstances, par exemple si vous communiquez avec nous (y compris par courriel, dans les m\u00e9dias sociaux, etc.), si vous posez votre candidature pour un emploi chez Beaubois (y compris sur des sites Web de recherche d\u2019emploi et\/ou par l&rsquo;entremise d&rsquo;un tiers), si vous visitez nos bureaux, si vous rencontrez un repr\u00e9sentant de Beaubois \u00e0 l&rsquo;occasion d&rsquo;une conf\u00e9rence ou d&rsquo;un \u00e9v\u00e9nement d&rsquo;affaires, ou dans le cadre de vos interactions d&rsquo;affaires avec Beaubois.<\/li>\r\n<li>De nos clients et de nos partenaires. Si vous \u00eates un employ\u00e9 d&rsquo;un client ou d&rsquo;un partenaire de Beaubois, votre employeur peut nous fournir des renseignements personnels \u00e0 votre sujet, dans la mesure o\u00f9 ils sont pertinents \u00e0 la relation d&rsquo;affaires entre Beaubois et votre employeur.<\/li>\r\n<li>Gr\u00e2ce aux technologies que nous utilisons sur notre site Web. Beaubois peut recueillir certains types de renseignements lorsque vous naviguez sur notre site Web par le biais de technologies (les siennes ou celles de tiers) comme les t\u00e9moins (cookies) et les pixels-espions(voir la section Cookies et technologies similaires pour plus de d\u00e9tails).<\/li>\r\n<\/ul>\r\n<h2>UTILISATION DE VOS RENSEIGNEMENTS PERSONNELS<\/h2>\r\n<p>Nous pouvons utiliser vos renseignements personnels pour les raisons suivantes:<\/p>\r\n<ul>\r\n<li>Fournir nos services. Nous utilisons les renseignements personnels n\u00e9cessaires \u00e0 la prestation de nos services. Par exemple, nous pouvons avoir besoin d&rsquo;utiliser vos renseignements personnels pour g\u00e9rer les relations d&rsquo;affaires de Beaubois dans le cadre de la r\u00e9alisation d&rsquo;un projet.<\/li>\r\n<li>Communiquer avec vous. Si vous nous contactez pour poser une question ou demander des informations sur nos services, nous pouvons utiliser vos renseignements personnels pour vous r\u00e9pondre. Nous pouvons \u00e9galement communiquer avec vous \u00e0 des fins de d\u00e9veloppement commercial et pour promouvoir nos services et nos offres.<\/li>\r\n<li>Traitement des demandes d&#8217;emploi. Si vous posez votre candidature pour un emploi chez Beaubois, nous pouvons utiliser vos renseignements personnels pour traiter et \u00e9valuer votre candidature.<\/li>\r\n<li>Gestion de nos activit\u00e9s. Nous utilisons vos renseignements personnels pour plusieurs raisons en lien avec nos activit\u00e9s, ce qui peut inclure l&rsquo;exercice d&rsquo;une v\u00e9rification diligente pour pr\u00e9venir ou r\u00e9duire notre risque commercial et pour assurer la s\u00e9curit\u00e9 de nos informations, de notre syst\u00e8me ou de notre r\u00e9seau. Nous pouvons \u00e9galement utiliser ces renseignements \u00e0 des fins d&rsquo;analyse interne (dans la mesure du possible ou lorsque la loi l&rsquo;exige, nous d\u00e9personnalisons les informations avant de les utiliser).<\/li>\r\n<li>Gestion de notre site Web. Nous utilisons les renseignements que nous recueillons aupr\u00e8s des visiteurs du site Web pour g\u00e9rer et am\u00e9liorer notre site Web (voir Cookies et technologies similaires pour plus d&rsquo;informations).<\/li>\r\n<li>Pour d\u2019autres raisons autoris\u00e9es ou requises par la loi. Par exemple, nous pouvons utiliser les renseignements que nous recueillons pour prot\u00e9ger la s\u00e9curit\u00e9 de nos informations et de notre site Web ou pour nous conformer \u00e0 une exigence l\u00e9gale, s\u2019il y a lieu. Au besoin, nous pouvons \u00e9galement vous demander votre consentement pour utiliser vos renseignements personnels pour d\u2019autres raisons que celles-ci.<\/li>\r\n<\/ul>\r\n<h2>PARTAGE DE VOS RENSEIGNEMENTS PERSONNELS<\/h2>\r\n<p>Nous pouvons partager vos renseignements personnels comme suit :<\/p>\r\n<ul>\r\n<li>Avec nos fournisseurs de services. Nous pouvons transf\u00e9rer vos renseignements personnels \u00e0 d&rsquo;autres organisations et entreprises qui nous fournissent des services (tels que des fournisseurs de sauvegarde et d&rsquo;h\u00e9bergement de serveurs, des fournisseurs de logiciels informatiques et de maintenance). Nous exigeons de ces fournisseurs de services qu&rsquo;ils prot\u00e8gent vos renseignements personnels par des mesures de s\u00e9curit\u00e9 ad\u00e9quates et qu&rsquo;ils<br \/>limitent leur utilisation de ces renseignements \u00e0 ce qui est n\u00e9cessaire \u00e0 l\u2019ex\u00e9cution du contrat de service.<\/li>\r\n<li>Autres raisons pr\u00e9vues par la loi. Nous pouvons partager vos renseignements personnels lorsque la loi applicable le permet ou l&rsquo;exige. Cela peut \u00eatre le cas, par exemple, si Beaubois a l&rsquo;obligation de divulguer ou de partager vos renseignements personnels pour se conformer \u00e0 une obligation l\u00e9gale, ou pour faire respecter d&rsquo;autres accords, ou pour prot\u00e9ger les droits, la propri\u00e9t\u00e9 ou la s\u00e9curit\u00e9 de Beaubois, de ses clients et de ses partenaires.<\/li>\r\n<\/ul>\r\n<h2>COOKIES ET TECHNOLOGIES SIMILAIRES<\/h2>\r\n<p>Nous pouvons recueillir certains renseignements personnels lorsque vous naviguez sur notre site Web par le biais de technologies (les n\u00f4tres ou celles de tiers) comme des cookies. Les cookies sont de petits fichiers texte qui sont stock\u00e9s sur votre ordinateur lorsque vous visitez notre site Web afin que des informations puissent \u00eatre sauvegard\u00e9es entre les visites, telles que vos identifiants de connexion ou vos pr\u00e9f\u00e9rences linguistiques. Les cookies vous permettent donc de vous connecter rapidement lorsque vous visitez notre site Web. Nous utilisons les renseignements collect\u00e9s pour adapter notre site Web aux pr\u00e9f\u00e9rences de l&rsquo;utilisateur, pour \u00e9tablir des statistiques sur la consultation et l&rsquo;utilisation de notre site Web et de nos communications \u00e9lectroniques (telles que nos infolettres) afin de les am\u00e9liorer. Par exemple, nous pouvons utiliser votre localisation g\u00e9ographique pour d\u00e9terminer dans quelle langue afficher notre site Web. Nous utilisons Google Analytics pour analyser votre utilisation de notre site Web, g\u00e9n\u00e9rer des rapports sur les activit\u00e9s des visiteurs de notre site Web et fournir d&rsquo;autres services li\u00e9s \u00e0 l&rsquo;utilisation du site Web. Ces informations ne nous sont pas transmises sous une forme permettant de vous identifier. Vous pouvez supprimer ou d\u00e9sactiver certaines de ces technologies \u00e0 tout moment via votre navigateur. Toutefois, si vous le faites, il se peut que vous ne puissiez pas utiliser certaines fonctions de notre site Web.<\/p>\r\n<h2>VOS CHOIX EN MATI\u00c8RE DE PROTECTION DE LA VIE PRIV\u00c9E<\/h2>\r\n<p>En utilisant nos services, en interagissant avec nous, par exemple lorsque vous visitez notre site Web ou que vous communiquez avec nous par l&rsquo;entremise des m\u00e9dias sociaux ou par courriel, ou lorsque vous posez votre candidature pour un emploi chez Beaubois, vous donnez votre consentement \u00e0 la collecte, \u00e0 l&rsquo;utilisation et au partage de vos renseignements personnels tel qu\u2019\u00e9nonc\u00e9 dans cette politique. Dans certains cas, votre consentement peut \u00eatre pr\u00e9sum\u00e9 au moment de la collecte, de l&rsquo;utilisation ou du partage de vos renseignements personnels. Nous obtiendrons g\u00e9n\u00e9ralement votre consentement lorsque nous voudrons utiliser vos renseignements personnels pour d\u2019autres raisons que celles \u00e9nonc\u00e9es dans cette politique ou dans les conditions g\u00e9n\u00e9rales d&rsquo;un service sp\u00e9cifique que vous avez demand\u00e9es, conform\u00e9ment aux lois applicables en mati\u00e8re de protection de la vie priv\u00e9e. Suivant la r\u00e9ception d\u2019un pr\u00e9avis raisonnable de votre part, vous pouvez retirer votre consentement \u00e0 l&rsquo;utilisation et au partage de vos renseignements personnels par Beaubois, sous r\u00e9serve de restrictions l\u00e9gales ou contractuelles. Pour retirer votre consentement, veuillez nous envoyer une demande \u00e9crite en utilisant les coordonn\u00e9es indiqu\u00e9es dans la section Contactez-nous ci-dessous. Le retrait de votre consentement peut avoir une incidence sur les services que nous sommes en mesure de vous fournir, \u00e0 vous et \u00e0 votre employeur, ou sur toute communication li\u00e9e \u00e0 une demande d&#8217;emploi aupr\u00e8s de nous.<\/p>\r\n<h2>PROTECTION DE VOS RENSEIGNEMENTS PERSONNELS<\/h2>\r\n<p>Pour prot\u00e9ger la confidentialit\u00e9 de vos renseignements personnels, nous utilisons des mesures de protection administratives, physiques et technologiques, et ce, afin d\u2019emp\u00eacher l\u2019acc\u00e8s non autoris\u00e9, l\u2019utilisation ou la communication non autoris\u00e9e, la perte d\u2019un renseignement personnel ou l\u2019atteinte \u00e0 la protection d\u2019un tel renseignement. Nous appliquons \u00e9galement ces mesures de protection lorsque nous d\u00e9truisons ou rendons anonymes vos renseignements personnels.<\/p>\r\n<h2>CONSERVATION DE VOS RENSEIGNEMENTS PERSONNELS<\/h2>\r\n<p>Nous conservons vos renseignements personnels aussi longtemps que n\u00e9cessaire pour vous fournir nos services, pour g\u00e9rer nos activit\u00e9s et pour nous conformer \u00e0 nos obligations l\u00e9gales et r\u00e9glementaires. Lorsqu&rsquo;ils ne sont plus n\u00e9cessaires, vos renseignements personnels sont d\u00e9truits en toute s\u00e9curit\u00e9 ou rendus anonymes (de sorte qu\u2019il soit, en tout temps, raisonnable de penser que vos renseignements personnels ne permettent plus de vous identifier directement ou indirectement, de fa\u00e7on irr\u00e9versible).<\/p>\r\n<h2>H\u00c9BERGEMENT DES RENSEIGNEMENTS PERSONNELS<\/h2>\r\n<p>Nous sommes une soci\u00e9t\u00e9 canadienne dont le si\u00e8ge social se trouve dans la province de Qu\u00e9bec et nous h\u00e9bergeons g\u00e9n\u00e9ralement les renseignements personnels au Qu\u00e9bec ou, lorsque cela n&rsquo;est pas possible, au Canada. Toutefois, certains de nos fournisseurs de services peuvent acc\u00e9der \u00e0 des informations personnelles, les traiter ou les h\u00e9berger \u00e0 l\u2019ext\u00e9rieur du Qu\u00e9bec ou du Canada, y compris aux \u00c9tats-Unis. Par cons\u00e9quent, vos renseignements personnels peuvent \u00eatre soumis aux lois de juridictions \u00e9trang\u00e8res, y compris toute loi autorisant ou exigeant la divulgation des informations au gouvernement, aux agences gouvernementales, aux tribunaux et aux autorit\u00e9s charg\u00e9es de l&rsquo;application de la loi dans cette juridiction. Nous ne partageons des renseignements personnels \u00e0 une tierce partie \u00e0 l\u2019ext\u00e9rieur du Qu\u00e9bec ou du Canada que si nous sommes convaincus qu&rsquo;elles b\u00e9n\u00e9ficieront d&rsquo;une protection ad\u00e9quate dans la juridiction \u00e9trang\u00e8re.<\/p>\r\n<h2>ACC\u00c8S ET CORRECTION DE VOS RENSEIGNEMENTS PERSONNELS<\/h2>\r\n<p>Beaubois respecte votre droit d&rsquo;acc\u00e9der \u00e0 vos renseignements personnels et d&rsquo;en demander la rectification s&rsquo;ils sont inexacts, incomplets ou \u00e9quivoques, sous r\u00e9serve des restrictions l\u00e9gales applicables. Pour exercer ces droits, veuillez utiliser les coordonn\u00e9es indiqu\u00e9es dans la section Contactez-nous ci-dessous.<\/p>\r\n<h2>MODIFICATIONS DE LA POLITIQUE<\/h2>\r\n<p>Nous pouvons apporter des modifications \u00e0 cette politique de temps \u00e0 autre. Toute modification que nous apportons entre en vigueur lorsque nous publions la politique r\u00e9vis\u00e9e sur notre site Web. Si nous apportons des modifications importantes \u00e0 la politique, nous publierons un avis sur notre site Web ou nous vous contacterons pour vous en informer lorsque la loi l&rsquo;exige. En continuant \u00e0 interagir avec nous apr\u00e8s la publication de la version modifi\u00e9e de la politique, vous acceptez les changements apport\u00e9s \u00e0 la politique, sous r\u00e9serve de toute exigence suppl\u00e9mentaire qui pourrait s&rsquo;appliquer. La \u00ab\u00a0date d&rsquo;entr\u00e9e en vigueur\u00a0\u00bb figurant en haut de la pr\u00e9sente politique indique la date de sa derni\u00e8re mise \u00e0 jour.<\/p>\r\n<h2>CONTACTEZ-NOUS<\/h2>\r\n<p>Si vous avez des questions ou des plaintes concernant la mani\u00e8re dont nous traitons vos renseignements personnels ou si vous souhaitez exercer vos droits en mati\u00e8re de protection de la vie priv\u00e9e, veuillez contacter notre responsable de la protection des renseignements personnels \u00e0 l&rsquo;adresse suivante :<\/p>\r\n<p>Responsable de la protection des renseignements personnels<br \/>Mathieu Laflamme<br \/>Groupe Beaubois inc.<br \/>521 6e avenue<br \/>St-Georges, Qc, G5Y 0H1<br \/>Courriel : Mathieu.laflamme@beaubois.com<\/p>\r\n","protected":false},"excerpt":{"rendered":"<p>POLITIQUE SUR LES RENSEIGNEMENTS PERSONNELS OBJECTIF Groupe Beaubois inc. (\u00ab\u00a0Beaubois\u00a0\u00bb, \u00ab\u00a0nous\u00a0\u00bb, \u00ab\u00a0notre\u00a0\u00bb ou \u00ab\u00a0nos\u00a0\u00bb) s&rsquo;engage \u00e0 respecter la vie priv\u00e9e. Cette politique sur les renseignements personnels explique comment et \u00e0 quelles fins nous recueillons, utilisons et partageons les renseignements personnels qui nous sont confi\u00e9s. Cette politique s&rsquo;applique g\u00e9n\u00e9ralement aux renseignements personnels que nous recueillons lorsque [&hellip;]<\/p>\n","protected":false},"author":17,"featured_media":4788,"parent":0,"menu_order":0,"comment_status":"closed","ping_status":"closed","template":"","meta":{"_acf_changed":false,"footnotes":""},"class_list":["post-4188","page","type-page","status-publish","has-post-thumbnail","hentry"],"acf":[],"yoast_head":"<!-- This site is optimized with the Yoast SEO plugin v27.3 - https:\/\/yoast.com\/product\/yoast-seo-wordpress\/ -->\n<title>Politique de confidentialit\u00e9<\/title>\n<meta name=\"robots\" content=\"index, follow, max-snippet:-1, max-image-preview:large, max-video-preview:-1\" \/>\n<link rel=\"canonical\" href=\"https:\/\/www.beaubois.com\/fr\/politique-de-confidentialite\/\" \/>\n<meta property=\"og:locale\" content=\"fr_FR\" \/>\n<meta property=\"og:type\" content=\"article\" \/>\n<meta property=\"og:title\" content=\"Politique de confidentialit\u00e9\" \/>\n<meta property=\"og:description\" content=\"POLITIQUE SUR LES RENSEIGNEMENTS PERSONNELS OBJECTIF Groupe Beaubois inc. (\u00ab\u00a0Beaubois\u00a0\u00bb, \u00ab\u00a0nous\u00a0\u00bb, \u00ab\u00a0notre\u00a0\u00bb ou \u00ab\u00a0nos\u00a0\u00bb) s&rsquo;engage \u00e0 respecter la vie priv\u00e9e. Cette politique sur les renseignements personnels explique comment et \u00e0 quelles fins nous recueillons, utilisons et partageons les renseignements personnels qui nous sont confi\u00e9s. Cette politique s&rsquo;applique g\u00e9n\u00e9ralement aux renseignements personnels que nous recueillons lorsque [&hellip;]\" \/>\n<meta property=\"og:url\" content=\"https:\/\/www.beaubois.com\/fr\/politique-de-confidentialite\/\" \/>\n<meta property=\"og:site_name\" content=\"Beaubois\" \/>\n<meta property=\"article:modified_time\" content=\"2026-05-07T13:20:13+00:00\" \/>\n<meta property=\"og:image\" content=\"https:\/\/www.beaubois.com\/wp-content\/uploads\/2022\/02\/20-DPC-0163-0009-Grand-Celebration-Press-Event-B-Roll-3-1024x684.jpeg\" \/>\n\t<meta property=\"og:image:width\" content=\"1024\" \/>\n\t<meta property=\"og:image:height\" content=\"684\" \/>\n\t<meta property=\"og:image:type\" content=\"image\/jpeg\" \/>\n<meta name=\"twitter:card\" content=\"summary_large_image\" \/>\n<meta name=\"twitter:label1\" content=\"Dur\u00e9e de lecture estim\u00e9e\" \/>\n\t<meta name=\"twitter:data1\" content=\"11 minutes\" \/>\n<script type=\"application\/ld+json\" class=\"yoast-schema-graph\">{\"@context\":\"https:\\\/\\\/schema.org\",\"@graph\":[{\"@type\":\"WebPage\",\"@id\":\"https:\\\/\\\/www.beaubois.com\\\/fr\\\/politique-de-confidentialite\\\/\",\"url\":\"https:\\\/\\\/www.beaubois.com\\\/fr\\\/politique-de-confidentialite\\\/\",\"name\":\"Politique de confidentialit\u00e9\",\"isPartOf\":{\"@id\":\"https:\\\/\\\/www.beaubois.com\\\/fr\\\/#website\"},\"primaryImageOfPage\":{\"@id\":\"https:\\\/\\\/www.beaubois.com\\\/fr\\\/politique-de-confidentialite\\\/#primaryimage\"},\"image\":{\"@id\":\"https:\\\/\\\/www.beaubois.com\\\/fr\\\/politique-de-confidentialite\\\/#primaryimage\"},\"thumbnailUrl\":\"https:\\\/\\\/www.beaubois.com\\\/wp-content\\\/uploads\\\/2022\\\/02\\\/20-DPC-0163-0009-Grand-Celebration-Press-Event-B-Roll-3-scaled.jpeg\",\"datePublished\":\"2022-10-17T19:12:34+00:00\",\"dateModified\":\"2026-05-07T13:20:13+00:00\",\"inLanguage\":\"fr-FR\",\"potentialAction\":[{\"@type\":\"ReadAction\",\"target\":[\"https:\\\/\\\/www.beaubois.com\\\/fr\\\/politique-de-confidentialite\\\/\"]}]},{\"@type\":\"ImageObject\",\"inLanguage\":\"fr-FR\",\"@id\":\"https:\\\/\\\/www.beaubois.com\\\/fr\\\/politique-de-confidentialite\\\/#primaryimage\",\"url\":\"https:\\\/\\\/www.beaubois.com\\\/wp-content\\\/uploads\\\/2022\\\/02\\\/20-DPC-0163-0009-Grand-Celebration-Press-Event-B-Roll-3-scaled.jpeg\",\"contentUrl\":\"https:\\\/\\\/www.beaubois.com\\\/wp-content\\\/uploads\\\/2022\\\/02\\\/20-DPC-0163-0009-Grand-Celebration-Press-Event-B-Roll-3-scaled.jpeg\",\"width\":2048,\"height\":1367},{\"@type\":\"WebSite\",\"@id\":\"https:\\\/\\\/www.beaubois.com\\\/fr\\\/#website\",\"url\":\"https:\\\/\\\/www.beaubois.com\\\/fr\\\/\",\"name\":\"Beaubois\",\"description\":\"Fabriquer l&#039;excellence, livrer le grandiose.\",\"publisher\":{\"@id\":\"https:\\\/\\\/www.beaubois.com\\\/fr\\\/#organization\"},\"potentialAction\":[{\"@type\":\"SearchAction\",\"target\":{\"@type\":\"EntryPoint\",\"urlTemplate\":\"https:\\\/\\\/www.beaubois.com\\\/fr\\\/?s={search_term_string}\"},\"query-input\":{\"@type\":\"PropertyValueSpecification\",\"valueRequired\":true,\"valueName\":\"search_term_string\"}}],\"inLanguage\":\"fr-FR\"},{\"@type\":\"Organization\",\"@id\":\"https:\\\/\\\/www.beaubois.com\\\/fr\\\/#organization\",\"name\":\"Beaubois\",\"url\":\"https:\\\/\\\/www.beaubois.com\\\/fr\\\/\",\"logo\":{\"@type\":\"ImageObject\",\"inLanguage\":\"fr-FR\",\"@id\":\"https:\\\/\\\/www.beaubois.com\\\/fr\\\/#\\\/schema\\\/logo\\\/image\\\/\",\"url\":\"https:\\\/\\\/www.beaubois.com\\\/wp-content\\\/uploads\\\/2024\\\/02\\\/cropped-Beaubois_2021-02-3.png\",\"contentUrl\":\"https:\\\/\\\/www.beaubois.com\\\/wp-content\\\/uploads\\\/2024\\\/02\\\/cropped-Beaubois_2021-02-3.png\",\"width\":1350,\"height\":1122,\"caption\":\"Beaubois\"},\"image\":{\"@id\":\"https:\\\/\\\/www.beaubois.com\\\/fr\\\/#\\\/schema\\\/logo\\\/image\\\/\"}}]}<\/script>\n<!-- \/ Yoast SEO plugin. -->","yoast_head_json":{"title":"Politique de confidentialit\u00e9","robots":{"index":"index","follow":"follow","max-snippet":"max-snippet:-1","max-image-preview":"max-image-preview:large","max-video-preview":"max-video-preview:-1"},"canonical":"https:\/\/www.beaubois.com\/fr\/politique-de-confidentialite\/","og_locale":"fr_FR","og_type":"article","og_title":"Politique de confidentialit\u00e9","og_description":"POLITIQUE SUR LES RENSEIGNEMENTS PERSONNELS OBJECTIF Groupe Beaubois inc. (\u00ab\u00a0Beaubois\u00a0\u00bb, \u00ab\u00a0nous\u00a0\u00bb, \u00ab\u00a0notre\u00a0\u00bb ou \u00ab\u00a0nos\u00a0\u00bb) s&rsquo;engage \u00e0 respecter la vie priv\u00e9e. Cette politique sur les renseignements personnels explique comment et \u00e0 quelles fins nous recueillons, utilisons et partageons les renseignements personnels qui nous sont confi\u00e9s. Cette politique s&rsquo;applique g\u00e9n\u00e9ralement aux renseignements personnels que nous recueillons lorsque [&hellip;]","og_url":"https:\/\/www.beaubois.com\/fr\/politique-de-confidentialite\/","og_site_name":"Beaubois","article_modified_time":"2026-05-07T13:20:13+00:00","og_image":[{"width":1024,"height":684,"url":"https:\/\/www.beaubois.com\/wp-content\/uploads\/2022\/02\/20-DPC-0163-0009-Grand-Celebration-Press-Event-B-Roll-3-1024x684.jpeg","type":"image\/jpeg"}],"twitter_card":"summary_large_image","twitter_misc":{"Dur\u00e9e de lecture estim\u00e9e":"11 minutes"},"schema":{"@context":"https:\/\/schema.org","@graph":[{"@type":"WebPage","@id":"https:\/\/www.beaubois.com\/fr\/politique-de-confidentialite\/","url":"https:\/\/www.beaubois.com\/fr\/politique-de-confidentialite\/","name":"Politique de confidentialit\u00e9","isPartOf":{"@id":"https:\/\/www.beaubois.com\/fr\/#website"},"primaryImageOfPage":{"@id":"https:\/\/www.beaubois.com\/fr\/politique-de-confidentialite\/#primaryimage"},"image":{"@id":"https:\/\/www.beaubois.com\/fr\/politique-de-confidentialite\/#primaryimage"},"thumbnailUrl":"https:\/\/www.beaubois.com\/wp-content\/uploads\/2022\/02\/20-DPC-0163-0009-Grand-Celebration-Press-Event-B-Roll-3-scaled.jpeg","datePublished":"2022-10-17T19:12:34+00:00","dateModified":"2026-05-07T13:20:13+00:00","inLanguage":"fr-FR","potentialAction":[{"@type":"ReadAction","target":["https:\/\/www.beaubois.com\/fr\/politique-de-confidentialite\/"]}]},{"@type":"ImageObject","inLanguage":"fr-FR","@id":"https:\/\/www.beaubois.com\/fr\/politique-de-confidentialite\/#primaryimage","url":"https:\/\/www.beaubois.com\/wp-content\/uploads\/2022\/02\/20-DPC-0163-0009-Grand-Celebration-Press-Event-B-Roll-3-scaled.jpeg","contentUrl":"https:\/\/www.beaubois.com\/wp-content\/uploads\/2022\/02\/20-DPC-0163-0009-Grand-Celebration-Press-Event-B-Roll-3-scaled.jpeg","width":2048,"height":1367},{"@type":"WebSite","@id":"https:\/\/www.beaubois.com\/fr\/#website","url":"https:\/\/www.beaubois.com\/fr\/","name":"Beaubois","description":"Fabriquer l&#039;excellence, livrer le grandiose.","publisher":{"@id":"https:\/\/www.beaubois.com\/fr\/#organization"},"potentialAction":[{"@type":"SearchAction","target":{"@type":"EntryPoint","urlTemplate":"https:\/\/www.beaubois.com\/fr\/?s={search_term_string}"},"query-input":{"@type":"PropertyValueSpecification","valueRequired":true,"valueName":"search_term_string"}}],"inLanguage":"fr-FR"},{"@type":"Organization","@id":"https:\/\/www.beaubois.com\/fr\/#organization","name":"Beaubois","url":"https:\/\/www.beaubois.com\/fr\/","logo":{"@type":"ImageObject","inLanguage":"fr-FR","@id":"https:\/\/www.beaubois.com\/fr\/#\/schema\/logo\/image\/","url":"https:\/\/www.beaubois.com\/wp-content\/uploads\/2024\/02\/cropped-Beaubois_2021-02-3.png","contentUrl":"https:\/\/www.beaubois.com\/wp-content\/uploads\/2024\/02\/cropped-Beaubois_2021-02-3.png","width":1350,"height":1122,"caption":"Beaubois"},"image":{"@id":"https:\/\/www.beaubois.com\/fr\/#\/schema\/logo\/image\/"}}]}},"_links":{"self":[{"href":"https:\/\/www.beaubois.com\/fr\/wp-json\/wp\/v2\/pages\/4188","targetHints":{"allow":["GET"]}}],"collection":[{"href":"https:\/\/www.beaubois.com\/fr\/wp-json\/wp\/v2\/pages"}],"about":[{"href":"https:\/\/www.beaubois.com\/fr\/wp-json\/wp\/v2\/types\/page"}],"author":[{"embeddable":true,"href":"https:\/\/www.beaubois.com\/fr\/wp-json\/wp\/v2\/users\/17"}],"replies":[{"embeddable":true,"href":"https:\/\/www.beaubois.com\/fr\/wp-json\/wp\/v2\/comments?post=4188"}],"version-history":[{"count":6,"href":"https:\/\/www.beaubois.com\/fr\/wp-json\/wp\/v2\/pages\/4188\/revisions"}],"predecessor-version":[{"id":5590,"href":"https:\/\/www.beaubois.com\/fr\/wp-json\/wp\/v2\/pages\/4188\/revisions\/5590"}],"wp:featuredmedia":[{"embeddable":true,"href":"https:\/\/www.beaubois.com\/fr\/wp-json\/wp\/v2\/media\/4788"}],"wp:attachment":[{"href":"https:\/\/www.beaubois.com\/fr\/wp-json\/wp\/v2\/media?parent=4188"}],"curies":[{"name":"wp","href":"https:\/\/api.w.org\/{rel}","templated":true}]}}