{"id":708,"date":"2022-02-15T09:26:47","date_gmt":"2022-02-15T14:26:47","guid":{"rendered":"https:\/\/www.beaubois.com\/?page_id=708"},"modified":"2026-05-07T09:20:13","modified_gmt":"2026-05-07T13:20:13","slug":"partenaires","status":"publish","type":"page","link":"https:\/\/www.beaubois.com\/fr\/entreprise\/partenaires\/","title":{"rendered":"Partenaires pour nos <br>conceptions architecturales"},"content":{"rendered":"","protected":false},"excerpt":{"rendered":"","protected":false},"author":17,"featured_media":759,"parent":205,"menu_order":3,"comment_status":"closed","ping_status":"closed","template":"","meta":{"_acf_changed":false,"footnotes":""},"class_list":["post-708","page","type-page","status-publish","has-post-thumbnail","hentry"],"acf":[],"yoast_head":"<!-- This site is optimized with the Yoast SEO plugin v27.3 - https:\/\/yoast.com\/product\/yoast-seo-wordpress\/ -->\n<title>Partenaires pour nos structures architecturales | Beaubois<\/title>\n<meta name=\"description\" content=\"Rencontrez nos partenaires, les firmes d\u2019architecture et entrepreneurs g\u00e9n\u00e9raux au c\u0153ur du succ\u00e8s de conception de nos structures architecturales.\" \/>\n<meta name=\"robots\" content=\"index, follow, max-snippet:-1, max-image-preview:large, max-video-preview:-1\" \/>\n<link rel=\"canonical\" href=\"https:\/\/www.beaubois.com\/fr\/entreprise\/partenaires\/\" \/>\n<meta property=\"og:locale\" content=\"fr_FR\" \/>\n<meta property=\"og:type\" content=\"article\" \/>\n<meta property=\"og:title\" content=\"Partenaires pour nos structures architecturales | Beaubois\" \/>\n<meta property=\"og:description\" content=\"Rencontrez nos partenaires, les firmes d\u2019architecture et entrepreneurs g\u00e9n\u00e9raux au c\u0153ur du succ\u00e8s de conception de nos structures architecturales.\" \/>\n<meta property=\"og:url\" content=\"https:\/\/www.beaubois.com\/fr\/entreprise\/partenaires\/\" \/>\n<meta property=\"og:site_name\" content=\"Beaubois\" \/>\n<meta property=\"article:modified_time\" content=\"2026-05-07T13:20:13+00:00\" \/>\n<meta property=\"og:image\" content=\"https:\/\/www.beaubois.com\/wp-content\/uploads\/2022\/02\/partenaire-header.jpg\" \/>\n\t<meta property=\"og:image:width\" content=\"1922\" \/>\n\t<meta property=\"og:image:height\" content=\"1398\" \/>\n\t<meta property=\"og:image:type\" content=\"image\/jpeg\" \/>\n<meta name=\"twitter:card\" content=\"summary_large_image\" \/>\n<meta name=\"twitter:label1\" content=\"Dur\u00e9e de lecture estim\u00e9e\" \/>\n\t<meta name=\"twitter:data1\" content=\"1 minute\" \/>\n<script type=\"application\/ld+json\" class=\"yoast-schema-graph\">{\"@context\":\"https:\\\/\\\/schema.org\",\"@graph\":[{\"@type\":\"WebPage\",\"@id\":\"https:\\\/\\\/www.beaubois.com\\\/fr\\\/entreprise\\\/partenaires\\\/\",\"url\":\"https:\\\/\\\/www.beaubois.com\\\/fr\\\/entreprise\\\/partenaires\\\/\",\"name\":\"Partenaires pour nos structures architecturales | Beaubois\",\"isPartOf\":{\"@id\":\"https:\\\/\\\/www.beaubois.com\\\/fr\\\/#website\"},\"primaryImageOfPage\":{\"@id\":\"https:\\\/\\\/www.beaubois.com\\\/fr\\\/entreprise\\\/partenaires\\\/#primaryimage\"},\"image\":{\"@id\":\"https:\\\/\\\/www.beaubois.com\\\/fr\\\/entreprise\\\/partenaires\\\/#primaryimage\"},\"thumbnailUrl\":\"https:\\\/\\\/www.beaubois.com\\\/wp-content\\\/uploads\\\/2022\\\/02\\\/partenaire-header.jpg\",\"datePublished\":\"2022-02-15T14:26:47+00:00\",\"dateModified\":\"2026-05-07T13:20:13+00:00\",\"description\":\"Rencontrez nos partenaires, les firmes d\u2019architecture et entrepreneurs g\u00e9n\u00e9raux au c\u0153ur du succ\u00e8s de conception de nos structures architecturales.\",\"breadcrumb\":{\"@id\":\"https:\\\/\\\/www.beaubois.com\\\/fr\\\/entreprise\\\/partenaires\\\/#breadcrumb\"},\"inLanguage\":\"fr-FR\",\"potentialAction\":[{\"@type\":\"ReadAction\",\"target\":[\"https:\\\/\\\/www.beaubois.com\\\/fr\\\/entreprise\\\/partenaires\\\/\"]}]},{\"@type\":\"ImageObject\",\"inLanguage\":\"fr-FR\",\"@id\":\"https:\\\/\\\/www.beaubois.com\\\/fr\\\/entreprise\\\/partenaires\\\/#primaryimage\",\"url\":\"https:\\\/\\\/www.beaubois.com\\\/wp-content\\\/uploads\\\/2022\\\/02\\\/partenaire-header.jpg\",\"contentUrl\":\"https:\\\/\\\/www.beaubois.com\\\/wp-content\\\/uploads\\\/2022\\\/02\\\/partenaire-header.jpg\",\"width\":1922,\"height\":1398},{\"@type\":\"BreadcrumbList\",\"@id\":\"https:\\\/\\\/www.beaubois.com\\\/fr\\\/entreprise\\\/partenaires\\\/#breadcrumb\",\"itemListElement\":[{\"@type\":\"ListItem\",\"position\":1,\"name\":\"Leader en \u00e9b\u00e9nisterie architecturale\",\"item\":\"https:\\\/\\\/www.beaubois.com\\\/fr\\\/entreprise\\\/\"},{\"@type\":\"ListItem\",\"position\":2,\"name\":\"Partenaires pour nos conceptions architecturales\"}]},{\"@type\":\"WebSite\",\"@id\":\"https:\\\/\\\/www.beaubois.com\\\/fr\\\/#website\",\"url\":\"https:\\\/\\\/www.beaubois.com\\\/fr\\\/\",\"name\":\"Beaubois\",\"description\":\"Fabriquer l&#039;excellence, livrer le grandiose.\",\"publisher\":{\"@id\":\"https:\\\/\\\/www.beaubois.com\\\/fr\\\/#organization\"},\"potentialAction\":[{\"@type\":\"SearchAction\",\"target\":{\"@type\":\"EntryPoint\",\"urlTemplate\":\"https:\\\/\\\/www.beaubois.com\\\/fr\\\/?s={search_term_string}\"},\"query-input\":{\"@type\":\"PropertyValueSpecification\",\"valueRequired\":true,\"valueName\":\"search_term_string\"}}],\"inLanguage\":\"fr-FR\"},{\"@type\":\"Organization\",\"@id\":\"https:\\\/\\\/www.beaubois.com\\\/fr\\\/#organization\",\"name\":\"Beaubois\",\"url\":\"https:\\\/\\\/www.beaubois.com\\\/fr\\\/\",\"logo\":{\"@type\":\"ImageObject\",\"inLanguage\":\"fr-FR\",\"@id\":\"https:\\\/\\\/www.beaubois.com\\\/fr\\\/#\\\/schema\\\/logo\\\/image\\\/\",\"url\":\"https:\\\/\\\/www.beaubois.com\\\/wp-content\\\/uploads\\\/2024\\\/02\\\/cropped-Beaubois_2021-02-3.png\",\"contentUrl\":\"https:\\\/\\\/www.beaubois.com\\\/wp-content\\\/uploads\\\/2024\\\/02\\\/cropped-Beaubois_2021-02-3.png\",\"width\":1350,\"height\":1122,\"caption\":\"Beaubois\"},\"image\":{\"@id\":\"https:\\\/\\\/www.beaubois.com\\\/fr\\\/#\\\/schema\\\/logo\\\/image\\\/\"}}]}<\/script>\n<!-- \/ Yoast SEO plugin. -->","yoast_head_json":{"title":"Partenaires pour nos structures architecturales | Beaubois","description":"Rencontrez nos partenaires, les firmes d\u2019architecture et entrepreneurs g\u00e9n\u00e9raux au c\u0153ur du succ\u00e8s de conception de nos structures architecturales.","robots":{"index":"index","follow":"follow","max-snippet":"max-snippet:-1","max-image-preview":"max-image-preview:large","max-video-preview":"max-video-preview:-1"},"canonical":"https:\/\/www.beaubois.com\/fr\/entreprise\/partenaires\/","og_locale":"fr_FR","og_type":"article","og_title":"Partenaires pour nos structures architecturales | Beaubois","og_description":"Rencontrez nos partenaires, les firmes d\u2019architecture et entrepreneurs g\u00e9n\u00e9raux au c\u0153ur du succ\u00e8s de conception de nos structures architecturales.","og_url":"https:\/\/www.beaubois.com\/fr\/entreprise\/partenaires\/","og_site_name":"Beaubois","article_modified_time":"2026-05-07T13:20:13+00:00","og_image":[{"width":1922,"height":1398,"url":"https:\/\/www.beaubois.com\/wp-content\/uploads\/2022\/02\/partenaire-header.jpg","type":"image\/jpeg"}],"twitter_card":"summary_large_image","twitter_misc":{"Dur\u00e9e de lecture estim\u00e9e":"1 minute"},"schema":{"@context":"https:\/\/schema.org","@graph":[{"@type":"WebPage","@id":"https:\/\/www.beaubois.com\/fr\/entreprise\/partenaires\/","url":"https:\/\/www.beaubois.com\/fr\/entreprise\/partenaires\/","name":"Partenaires pour nos structures architecturales | Beaubois","isPartOf":{"@id":"https:\/\/www.beaubois.com\/fr\/#website"},"primaryImageOfPage":{"@id":"https:\/\/www.beaubois.com\/fr\/entreprise\/partenaires\/#primaryimage"},"image":{"@id":"https:\/\/www.beaubois.com\/fr\/entreprise\/partenaires\/#primaryimage"},"thumbnailUrl":"https:\/\/www.beaubois.com\/wp-content\/uploads\/2022\/02\/partenaire-header.jpg","datePublished":"2022-02-15T14:26:47+00:00","dateModified":"2026-05-07T13:20:13+00:00","description":"Rencontrez nos partenaires, les firmes d\u2019architecture et entrepreneurs g\u00e9n\u00e9raux au c\u0153ur du succ\u00e8s de conception de nos structures architecturales.","breadcrumb":{"@id":"https:\/\/www.beaubois.com\/fr\/entreprise\/partenaires\/#breadcrumb"},"inLanguage":"fr-FR","potentialAction":[{"@type":"ReadAction","target":["https:\/\/www.beaubois.com\/fr\/entreprise\/partenaires\/"]}]},{"@type":"ImageObject","inLanguage":"fr-FR","@id":"https:\/\/www.beaubois.com\/fr\/entreprise\/partenaires\/#primaryimage","url":"https:\/\/www.beaubois.com\/wp-content\/uploads\/2022\/02\/partenaire-header.jpg","contentUrl":"https:\/\/www.beaubois.com\/wp-content\/uploads\/2022\/02\/partenaire-header.jpg","width":1922,"height":1398},{"@type":"BreadcrumbList","@id":"https:\/\/www.beaubois.com\/fr\/entreprise\/partenaires\/#breadcrumb","itemListElement":[{"@type":"ListItem","position":1,"name":"Leader en \u00e9b\u00e9nisterie architecturale","item":"https:\/\/www.beaubois.com\/fr\/entreprise\/"},{"@type":"ListItem","position":2,"name":"Partenaires pour nos conceptions architecturales"}]},{"@type":"WebSite","@id":"https:\/\/www.beaubois.com\/fr\/#website","url":"https:\/\/www.beaubois.com\/fr\/","name":"Beaubois","description":"Fabriquer l&#039;excellence, livrer le grandiose.","publisher":{"@id":"https:\/\/www.beaubois.com\/fr\/#organization"},"potentialAction":[{"@type":"SearchAction","target":{"@type":"EntryPoint","urlTemplate":"https:\/\/www.beaubois.com\/fr\/?s={search_term_string}"},"query-input":{"@type":"PropertyValueSpecification","valueRequired":true,"valueName":"search_term_string"}}],"inLanguage":"fr-FR"},{"@type":"Organization","@id":"https:\/\/www.beaubois.com\/fr\/#organization","name":"Beaubois","url":"https:\/\/www.beaubois.com\/fr\/","logo":{"@type":"ImageObject","inLanguage":"fr-FR","@id":"https:\/\/www.beaubois.com\/fr\/#\/schema\/logo\/image\/","url":"https:\/\/www.beaubois.com\/wp-content\/uploads\/2024\/02\/cropped-Beaubois_2021-02-3.png","contentUrl":"https:\/\/www.beaubois.com\/wp-content\/uploads\/2024\/02\/cropped-Beaubois_2021-02-3.png","width":1350,"height":1122,"caption":"Beaubois"},"image":{"@id":"https:\/\/www.beaubois.com\/fr\/#\/schema\/logo\/image\/"}}]}},"_links":{"self":[{"href":"https:\/\/www.beaubois.com\/fr\/wp-json\/wp\/v2\/pages\/708","targetHints":{"allow":["GET"]}}],"collection":[{"href":"https:\/\/www.beaubois.com\/fr\/wp-json\/wp\/v2\/pages"}],"about":[{"href":"https:\/\/www.beaubois.com\/fr\/wp-json\/wp\/v2\/types\/page"}],"author":[{"embeddable":true,"href":"https:\/\/www.beaubois.com\/fr\/wp-json\/wp\/v2\/users\/17"}],"replies":[{"embeddable":true,"href":"https:\/\/www.beaubois.com\/fr\/wp-json\/wp\/v2\/comments?post=708"}],"version-history":[{"count":5,"href":"https:\/\/www.beaubois.com\/fr\/wp-json\/wp\/v2\/pages\/708\/revisions"}],"predecessor-version":[{"id":4809,"href":"https:\/\/www.beaubois.com\/fr\/wp-json\/wp\/v2\/pages\/708\/revisions\/4809"}],"up":[{"embeddable":true,"href":"https:\/\/www.beaubois.com\/fr\/wp-json\/wp\/v2\/pages\/205"}],"wp:featuredmedia":[{"embeddable":true,"href":"https:\/\/www.beaubois.com\/fr\/wp-json\/wp\/v2\/media\/759"}],"wp:attachment":[{"href":"https:\/\/www.beaubois.com\/fr\/wp-json\/wp\/v2\/media?parent=708"}],"curies":[{"name":"wp","href":"https:\/\/api.w.org\/{rel}","templated":true}]}}